{"id":126045,"date":"2023-11-24T22:14:36","date_gmt":"2023-11-24T22:14:36","guid":{"rendered":"https:\/\/uniiorganic.com\/?post_type=product&#038;p=126045"},"modified":"2025-09-03T16:50:27","modified_gmt":"2025-09-03T15:50:27","slug":"desodorizante-creme-sensi","status":"publish","type":"product","link":"https:\/\/uniiorganic.com\/en\/loja\/corpo\/desodorizante\/desodorizante-creme-sensi\/","title":{"rendered":"Desodorizante Creme Sensi"},"content":{"rendered":"<p>Desodorizante creme Sensi \u00e9 perfeito para neutralizar os maus odores, respeitando o fen\u00f3meno natural da respira\u00e7\u00e3o sem a bloquear. Os poros n\u00e3o ficam obstru\u00eddos, a pele pode respirar. Suave para o seu corpo, mas muito eficaz! Sem bicarbonato de s\u00f3dio, sem sais de alum\u00ednio, sem alerg\u00e9nios ou \u00f3leos essenciais para ser compat\u00edvel com as peles mais sens\u00edveis. Regenerador para a pele porque permite o desenvolvimento das boas bact\u00e9rias da pele, enquanto elimina os odores. Formulado a pensar numa utiliza\u00e7\u00e3o pr\u00e1tica: aplica e segue viagem, sem necessidade de lavar as m\u00e3os. \u00d3timo para f\u00e9rias e viagens de avi\u00e3o. Vegan, certificado biol\u00f3gico pela Cosmos e embalagem sem pl\u00e1stico.<\/p>\n","protected":false},"excerpt":{"rendered":"<p>Ingredientes (INCI): Aqua, Hydrogenated Olive Oil Unsaponifiables, Glyceryl Stearate, Cocos Nucifera (Coconut) Oil*, Theobroma Cacao Seed Butter*, Triethyl Citrate, Copernicia Cerifera (Carnauba) Wax*, Zinc Ricinoleate, Polyglyceryl-2 sesquioleate, Polyglyceryl-3 Caprylate, Zea Mays Starch*, Helianthus annuus seed (Sunflower) oil*, Glycerin***, Lecithin*, Parfum, Sodium Benzoate, Potassium Sorbate, Acacia Senegal Gum, Xanthan Gum, Tocopherol, Citric Acid.<br \/>\n*Ingredients from Organic Farming<br \/>\n**From Organic essential oils<br \/>\n*** Made using Organic ingredients<\/p>\n","protected":false},"featured_media":126046,"comment_status":"closed","ping_status":"closed","template":"","meta":{"_acf_changed":false},"product_cat":[629],"product_tag":[],"class_list":{"0":"post-126045","1":"product","2":"type-product","3":"status-publish","4":"has-post-thumbnail","6":"product_cat-desodorizante","8":"first","9":"instock","10":"taxable","11":"shipping-taxable","12":"product-type-external"},"bundled_by":[],"bundle_stock_status":"instock","bundle_stock_quantity":null,"bundle_virtual":false,"bundle_layout":"","bundle_add_to_cart_form_location":"","bundle_editable_in_cart":false,"bundle_sold_individually_context":"","bundle_item_grouping":"","bundle_min_size":"","bundle_max_size":"","bundled_items":[],"acf":[],"yoast_head":"<!-- This site is optimized with the Yoast SEO plugin v21.7 - https:\/\/yoast.com\/wordpress\/plugins\/seo\/ -->\n<title>Desodorizante Creme Sensi - UniiOrganic - Organic Certified Cosmetics<\/title>\n<meta name=\"robots\" content=\"index, follow, max-snippet:-1, max-image-preview:large, max-video-preview:-1\" \/>\n<link rel=\"canonical\" href=\"https:\/\/uniiorganic.com\/en\/loja\/corpo\/desodorizante\/desodorizante-creme-sensi\/\" \/>\n<meta property=\"og:locale\" content=\"en_US\" \/>\n<meta property=\"og:type\" content=\"article\" \/>\n<meta property=\"og:title\" content=\"Desodorizante Creme Sensi - UniiOrganic - Organic Certified Cosmetics\" \/>\n<meta property=\"og:description\" content=\"Ingredientes (INCI): Aqua, Hydrogenated Olive Oil Unsaponifiables, Glyceryl Stearate, Cocos Nucifera (Coconut) Oil*, Theobroma Cacao Seed Butter*, Triethyl Citrate, Copernicia Cerifera (Carnauba) Wax*, Zinc Ricinoleate, Polyglyceryl-2 sesquioleate, Polyglyceryl-3 Caprylate, Zea Mays Starch*, Helianthus annuus seed (Sunflower) oil*, Glycerin***, Lecithin*, Parfum, Sodium Benzoate, Potassium Sorbate, Acacia Senegal Gum, Xanthan Gum, Tocopherol, Citric Acid. *Ingredients from Organic Farming **From Organic essential oils *** Made using Organic ingredients\" \/>\n<meta property=\"og:url\" content=\"https:\/\/uniiorganic.com\/en\/loja\/corpo\/desodorizante\/desodorizante-creme-sensi\/\" \/>\n<meta property=\"og:site_name\" content=\"UniiOrganic - Organic Certified Cosmetics\" \/>\n<meta property=\"article:modified_time\" content=\"2025-09-03T15:50:27+00:00\" \/>\n<meta property=\"og:image\" content=\"https:\/\/uniiorganic.com\/wp-content\/uploads\/2023\/11\/unii-desodorizante-lata-creme-sensi-alta-resolucao-sombra.webp\" \/>\n\t<meta property=\"og:image:width\" content=\"960\" \/>\n\t<meta property=\"og:image:height\" content=\"720\" \/>\n\t<meta property=\"og:image:type\" content=\"image\/webp\" \/>\n<meta name=\"twitter:card\" content=\"summary_large_image\" \/>\n<meta name=\"twitter:label1\" content=\"Est. reading time\" \/>\n\t<meta name=\"twitter:data1\" content=\"1 minute\" \/>\n<script type=\"application\/ld+json\" class=\"yoast-schema-graph\">{\"@context\":\"https:\/\/schema.org\",\"@graph\":[{\"@type\":\"WebPage\",\"@id\":\"https:\/\/uniiorganic.com\/en\/loja\/corpo\/desodorizante\/desodorizante-creme-sensi\/\",\"url\":\"https:\/\/uniiorganic.com\/en\/loja\/corpo\/desodorizante\/desodorizante-creme-sensi\/\",\"name\":\"Desodorizante Creme Sensi - UniiOrganic - Organic Certified Cosmetics\",\"isPartOf\":{\"@id\":\"https:\/\/uniiorganic.com\/en\/#website\"},\"datePublished\":\"2023-11-24T22:14:36+00:00\",\"dateModified\":\"2025-09-03T15:50:27+00:00\",\"breadcrumb\":{\"@id\":\"https:\/\/uniiorganic.com\/en\/loja\/corpo\/desodorizante\/desodorizante-creme-sensi\/#breadcrumb\"},\"inLanguage\":\"en-US\",\"potentialAction\":[{\"@type\":\"ReadAction\",\"target\":[\"https:\/\/uniiorganic.com\/en\/loja\/corpo\/desodorizante\/desodorizante-creme-sensi\/\"]}]},{\"@type\":\"BreadcrumbList\",\"@id\":\"https:\/\/uniiorganic.com\/en\/loja\/corpo\/desodorizante\/desodorizante-creme-sensi\/#breadcrumb\",\"itemListElement\":[{\"@type\":\"ListItem\",\"position\":1,\"name\":\"Home\",\"item\":\"https:\/\/uniiorganic.com\/en\/\"},{\"@type\":\"ListItem\",\"position\":2,\"name\":\"Shop\",\"item\":\"https:\/\/uniiorganic.com\/pages-from-uncode\/shop\/\"},{\"@type\":\"ListItem\",\"position\":3,\"name\":\"Desodorizante Creme Sensi\"}]},{\"@type\":\"WebSite\",\"@id\":\"https:\/\/uniiorganic.com\/en\/#website\",\"url\":\"https:\/\/uniiorganic.com\/en\/\",\"name\":\"UniiOrganic - Organic Certified Cosmetics\",\"description\":\"\",\"publisher\":{\"@id\":\"https:\/\/uniiorganic.com\/en\/#organization\"},\"potentialAction\":[{\"@type\":\"SearchAction\",\"target\":{\"@type\":\"EntryPoint\",\"urlTemplate\":\"https:\/\/uniiorganic.com\/en\/?s={search_term_string}\"},\"query-input\":\"required name=search_term_string\"}],\"inLanguage\":\"en-US\"},{\"@type\":\"Organization\",\"@id\":\"https:\/\/uniiorganic.com\/en\/#organization\",\"name\":\"Unii Organic\",\"url\":\"https:\/\/uniiorganic.com\/en\/\",\"logo\":{\"@type\":\"ImageObject\",\"inLanguage\":\"en-US\",\"@id\":\"https:\/\/uniiorganic.com\/en\/#\/schema\/logo\/image\/\",\"url\":\"https:\/\/uniiorganic.com\/wp-content\/uploads\/2021\/03\/logo-2.png\",\"contentUrl\":\"https:\/\/uniiorganic.com\/wp-content\/uploads\/2021\/03\/logo-2.png\",\"width\":611,\"height\":285,\"caption\":\"Unii Organic\"},\"image\":{\"@id\":\"https:\/\/uniiorganic.com\/en\/#\/schema\/logo\/image\/\"}}]}<\/script>\n<!-- \/ Yoast SEO plugin. -->","yoast_head_json":{"title":"Desodorizante Creme Sensi - UniiOrganic - Organic Certified Cosmetics","robots":{"index":"index","follow":"follow","max-snippet":"max-snippet:-1","max-image-preview":"max-image-preview:large","max-video-preview":"max-video-preview:-1"},"canonical":"https:\/\/uniiorganic.com\/en\/loja\/corpo\/desodorizante\/desodorizante-creme-sensi\/","og_locale":"en_US","og_type":"article","og_title":"Desodorizante Creme Sensi - UniiOrganic - Organic Certified Cosmetics","og_description":"Ingredientes (INCI): Aqua, Hydrogenated Olive Oil Unsaponifiables, Glyceryl Stearate, Cocos Nucifera (Coconut) Oil*, Theobroma Cacao Seed Butter*, Triethyl Citrate, Copernicia Cerifera (Carnauba) Wax*, Zinc Ricinoleate, Polyglyceryl-2 sesquioleate, Polyglyceryl-3 Caprylate, Zea Mays Starch*, Helianthus annuus seed (Sunflower) oil*, Glycerin***, Lecithin*, Parfum, Sodium Benzoate, Potassium Sorbate, Acacia Senegal Gum, Xanthan Gum, Tocopherol, Citric Acid. *Ingredients from Organic Farming **From Organic essential oils *** Made using Organic ingredients","og_url":"https:\/\/uniiorganic.com\/en\/loja\/corpo\/desodorizante\/desodorizante-creme-sensi\/","og_site_name":"UniiOrganic - Organic Certified Cosmetics","article_modified_time":"2025-09-03T15:50:27+00:00","og_image":[{"width":960,"height":720,"url":"https:\/\/uniiorganic.com\/wp-content\/uploads\/2023\/11\/unii-desodorizante-lata-creme-sensi-alta-resolucao-sombra.webp","type":"image\/webp"}],"twitter_card":"summary_large_image","twitter_misc":{"Est. reading time":"1 minute"},"schema":{"@context":"https:\/\/schema.org","@graph":[{"@type":"WebPage","@id":"https:\/\/uniiorganic.com\/en\/loja\/corpo\/desodorizante\/desodorizante-creme-sensi\/","url":"https:\/\/uniiorganic.com\/en\/loja\/corpo\/desodorizante\/desodorizante-creme-sensi\/","name":"Desodorizante Creme Sensi - UniiOrganic - Organic Certified Cosmetics","isPartOf":{"@id":"https:\/\/uniiorganic.com\/en\/#website"},"datePublished":"2023-11-24T22:14:36+00:00","dateModified":"2025-09-03T15:50:27+00:00","breadcrumb":{"@id":"https:\/\/uniiorganic.com\/en\/loja\/corpo\/desodorizante\/desodorizante-creme-sensi\/#breadcrumb"},"inLanguage":"en-US","potentialAction":[{"@type":"ReadAction","target":["https:\/\/uniiorganic.com\/en\/loja\/corpo\/desodorizante\/desodorizante-creme-sensi\/"]}]},{"@type":"BreadcrumbList","@id":"https:\/\/uniiorganic.com\/en\/loja\/corpo\/desodorizante\/desodorizante-creme-sensi\/#breadcrumb","itemListElement":[{"@type":"ListItem","position":1,"name":"Home","item":"https:\/\/uniiorganic.com\/en\/"},{"@type":"ListItem","position":2,"name":"Shop","item":"https:\/\/uniiorganic.com\/pages-from-uncode\/shop\/"},{"@type":"ListItem","position":3,"name":"Desodorizante Creme Sensi"}]},{"@type":"WebSite","@id":"https:\/\/uniiorganic.com\/en\/#website","url":"https:\/\/uniiorganic.com\/en\/","name":"UniiOrganic - Organic Certified Cosmetics","description":"","publisher":{"@id":"https:\/\/uniiorganic.com\/en\/#organization"},"potentialAction":[{"@type":"SearchAction","target":{"@type":"EntryPoint","urlTemplate":"https:\/\/uniiorganic.com\/en\/?s={search_term_string}"},"query-input":"required name=search_term_string"}],"inLanguage":"en-US"},{"@type":"Organization","@id":"https:\/\/uniiorganic.com\/en\/#organization","name":"Unii Organic","url":"https:\/\/uniiorganic.com\/en\/","logo":{"@type":"ImageObject","inLanguage":"en-US","@id":"https:\/\/uniiorganic.com\/en\/#\/schema\/logo\/image\/","url":"https:\/\/uniiorganic.com\/wp-content\/uploads\/2021\/03\/logo-2.png","contentUrl":"https:\/\/uniiorganic.com\/wp-content\/uploads\/2021\/03\/logo-2.png","width":611,"height":285,"caption":"Unii Organic"},"image":{"@id":"https:\/\/uniiorganic.com\/en\/#\/schema\/logo\/image\/"}}]}},"_links":{"self":[{"href":"https:\/\/uniiorganic.com\/en\/wp-json\/wp\/v2\/product\/126045","targetHints":{"allow":["GET"]}}],"collection":[{"href":"https:\/\/uniiorganic.com\/en\/wp-json\/wp\/v2\/product"}],"about":[{"href":"https:\/\/uniiorganic.com\/en\/wp-json\/wp\/v2\/types\/product"}],"replies":[{"embeddable":true,"href":"https:\/\/uniiorganic.com\/en\/wp-json\/wp\/v2\/comments?post=126045"}],"wp:featuredmedia":[{"embeddable":true,"href":"https:\/\/uniiorganic.com\/en\/wp-json\/wp\/v2\/media\/126046"}],"wp:attachment":[{"href":"https:\/\/uniiorganic.com\/en\/wp-json\/wp\/v2\/media?parent=126045"}],"wp:term":[{"taxonomy":"product_cat","embeddable":true,"href":"https:\/\/uniiorganic.com\/en\/wp-json\/wp\/v2\/product_cat?post=126045"},{"taxonomy":"product_tag","embeddable":true,"href":"https:\/\/uniiorganic.com\/en\/wp-json\/wp\/v2\/product_tag?post=126045"}],"curies":[{"name":"wp","href":"https:\/\/api.w.org\/{rel}","templated":true}]}}