{"id":91134,"date":"2022-02-23T16:55:18","date_gmt":"2022-02-23T16:55:18","guid":{"rendered":"https:\/\/uniiorganic.com\/?post_type=product&#038;p=91134"},"modified":"2025-09-05T10:59:17","modified_gmt":"2025-09-05T09:59:17","slug":"oleo-puro-argao-refill","status":"publish","type":"product","link":"https:\/\/uniiorganic.com\/en\/loja\/mama-e-bebe\/bebe\/oleo-puro-argao-refill\/","title":{"rendered":"\u00d3leo Puro Arg\u00e3o Refill"},"content":{"rendered":"<p>O \u00f3leo puro e biol\u00f3gico de Arg\u00e3o, obtido por extra\u00e7\u00e3o a frio, \u00e9 regenerador de todos os tipos de pele. \u00c9 o \u00f3leo mais semelhante ao filme hidrolipidico da pele, de muito f\u00e1cil absor\u00e7\u00e3o, por ser um \u00f3leo seco. Ajuda a recuperar a pele sens\u00edvel, at\u00f3pica, com eczema, a pele irritada ou com ros\u00e1cea. \u00c9 um \u00f3leo regenerador da camada de prote\u00e7\u00e3o da pele e \u00e9 anti-inflamat\u00f3rio. No rosto, deve ser usado de manh\u00e3, como hidratante, ap\u00f3s limpeza e t\u00f3nico, massajando bem para ser bem absorvido. Aplicar tamb\u00e9m \u00e0 noite nas peles normais, secas, maduras ou sensiveis. Na pele oleosa e mista, ou acne\u00edca, deve ser aplicado apenas \u00e0 noite, sempre no rosto limpo e tonificado, desta forma quebra-se o ciclo de produ\u00e7\u00e3o de oleosidade, informando a pele de que j\u00e1 tem todo o \u00f3leo que necessita n\u00e3o precisando de produzir mais. Ao fim de 6 semanas os resultados s\u00e3o vis\u00edveis, na regula\u00e7\u00e3o da oleosidade. \u00c9 igualmente regenerador e hidratante do escalpe, eliminando a descama\u00e7\u00e3o, a caspa. Pode ser usado nas unhas, l\u00e1bios e no cabelo, para amaciar, proteger e evitar as pontas espigadas. No escalpe deve ser aplicado antes das lavagens do cabelo, de prefer\u00eancia na noite da v\u00e9spera da lavagem, massajando bem o escalpe. Na manh\u00e3 seguinte, lavar o cabelo. A descama\u00e7\u00e3o, eczemas, caspa e secura ir\u00e3o progresssivamente desaparecer. Aplicar 2 a 3 vezes por semana ou sempre na v\u00e9spera de lavar o cabelo, seja qual for a frequ\u00eancia.<\/p>\n","protected":false},"excerpt":{"rendered":"<p>Ingredientes (INCI) Argania spinosa (Argan) kernel oil<\/p>\n","protected":false},"featured_media":91861,"comment_status":"open","ping_status":"closed","template":"","meta":{"_acf_changed":false},"product_cat":[250,312,254,319,260,329,261,338,265,347,270,348,271,349,272,350,273,352,275,282,286,290,301,303,307],"product_tag":[],"class_list":{"0":"post-91134","1":"product","2":"type-product","3":"status-publish","4":"has-post-thumbnail","6":"product_cat-rosto","7":"product_cat-cabelo-seco-e-danificado","8":"product_cat-seruns-e-oleos-faciais","9":"product_cat-mama-e-bebe","10":"product_cat-anti-idade","11":"product_cat-bebe","12":"product_cat-pele-seca","13":"product_cat-oleos-e-manteigas","14":"product_cat-pele-sensivel-e-atopica","15":"product_cat-auto-imunes-e-problemas-de-saude-2","16":"product_cat-psoriase","17":"product_cat-eczema-2","18":"product_cat-eczema","19":"product_cat-psoriase-2","20":"product_cat-dermatite","21":"product_cat-auto-imunes-e-problemas-de-saude-3","22":"product_cat-urticaria","23":"product_cat-hidratantes-corporais","24":"product_cat-corpo","25":"product_cat-oleos-corporais-e-manteigas","26":"product_cat-pele-seca-2","27":"product_cat-pele-sensivel","28":"product_cat-cabelo","29":"product_cat-amaciador","30":"product_cat-seruns-e-oleos","32":"first","33":"instock","34":"taxable","35":"shipping-taxable","36":"product-type-external"},"bundled_by":[],"bundle_stock_status":"instock","bundle_stock_quantity":null,"bundle_virtual":false,"bundle_layout":"","bundle_add_to_cart_form_location":"","bundle_editable_in_cart":false,"bundle_sold_individually_context":"","bundle_item_grouping":"","bundle_min_size":"","bundle_max_size":"","bundled_items":[],"acf":[],"yoast_head":"<!-- This site is optimized with the Yoast SEO plugin v21.7 - https:\/\/yoast.com\/wordpress\/plugins\/seo\/ -->\n<title>\u00d3leo Puro Arg\u00e3o Refill - UniiOrganic - Organic Certified Cosmetics<\/title>\n<meta name=\"description\" content=\"Regenerador de todos os tipos de pele. Pele at\u00f3pica, eczemas, pele sens\u00edvel, irritada, ros\u00e1cea. Caspa, descama\u00e7\u00e3o e secura do escalpe. Use tamb\u00e9m nas unhas, l\u00e1bios e como amaciador de cabelo. Obtidos por extra\u00e7\u00e3o a frio.\" \/>\n<meta name=\"robots\" content=\"index, follow, max-snippet:-1, max-image-preview:large, max-video-preview:-1\" \/>\n<link rel=\"canonical\" href=\"https:\/\/uniiorganic.com\/en\/loja\/mama-e-bebe\/bebe\/oleo-puro-argao-refill\/\" \/>\n<meta property=\"og:locale\" content=\"en_US\" \/>\n<meta property=\"og:type\" content=\"article\" \/>\n<meta property=\"og:title\" content=\"\u00d3leo Puro Arg\u00e3o Refill - UniiOrganic - Organic Certified Cosmetics\" \/>\n<meta property=\"og:description\" content=\"Regenerador de todos os tipos de pele. Pele at\u00f3pica, eczemas, pele sens\u00edvel, irritada, ros\u00e1cea. Caspa, descama\u00e7\u00e3o e secura do escalpe. Use tamb\u00e9m nas unhas, l\u00e1bios e como amaciador de cabelo. Obtidos por extra\u00e7\u00e3o a frio.\" \/>\n<meta property=\"og:url\" content=\"https:\/\/uniiorganic.com\/en\/loja\/mama-e-bebe\/bebe\/oleo-puro-argao-refill\/\" \/>\n<meta property=\"og:site_name\" content=\"UniiOrganic - Organic Certified Cosmetics\" \/>\n<meta property=\"article:modified_time\" content=\"2025-09-05T09:59:17+00:00\" \/>\n<meta property=\"og:image\" content=\"https:\/\/uniiorganic.com\/wp-content\/uploads\/2022\/02\/2-oleo-Puro-Argao-Refill-Site-060-002-039.png\" \/>\n\t<meta property=\"og:image:width\" content=\"960\" \/>\n\t<meta property=\"og:image:height\" content=\"960\" \/>\n\t<meta property=\"og:image:type\" content=\"image\/png\" \/>\n<meta name=\"twitter:card\" content=\"summary_large_image\" \/>\n<meta name=\"twitter:label1\" content=\"Est. reading time\" \/>\n\t<meta name=\"twitter:data1\" content=\"2 minutes\" \/>\n<script type=\"application\/ld+json\" class=\"yoast-schema-graph\">{\"@context\":\"https:\/\/schema.org\",\"@graph\":[{\"@type\":\"WebPage\",\"@id\":\"https:\/\/uniiorganic.com\/en\/loja\/mama-e-bebe\/bebe\/oleo-puro-argao-refill\/\",\"url\":\"https:\/\/uniiorganic.com\/en\/loja\/mama-e-bebe\/bebe\/oleo-puro-argao-refill\/\",\"name\":\"\u00d3leo Puro Arg\u00e3o Refill - UniiOrganic - Organic Certified Cosmetics\",\"isPartOf\":{\"@id\":\"https:\/\/uniiorganic.com\/en\/#website\"},\"datePublished\":\"2022-02-23T16:55:18+00:00\",\"dateModified\":\"2025-09-05T09:59:17+00:00\",\"description\":\"Regenerador de todos os tipos de pele. Pele at\u00f3pica, eczemas, pele sens\u00edvel, irritada, ros\u00e1cea. Caspa, descama\u00e7\u00e3o e secura do escalpe. Use tamb\u00e9m nas unhas, l\u00e1bios e como amaciador de cabelo. Obtidos por extra\u00e7\u00e3o a frio.\",\"breadcrumb\":{\"@id\":\"https:\/\/uniiorganic.com\/en\/loja\/mama-e-bebe\/bebe\/oleo-puro-argao-refill\/#breadcrumb\"},\"inLanguage\":\"en-US\",\"potentialAction\":[{\"@type\":\"ReadAction\",\"target\":[\"https:\/\/uniiorganic.com\/en\/loja\/mama-e-bebe\/bebe\/oleo-puro-argao-refill\/\"]}]},{\"@type\":\"BreadcrumbList\",\"@id\":\"https:\/\/uniiorganic.com\/en\/loja\/mama-e-bebe\/bebe\/oleo-puro-argao-refill\/#breadcrumb\",\"itemListElement\":[{\"@type\":\"ListItem\",\"position\":1,\"name\":\"Home\",\"item\":\"https:\/\/uniiorganic.com\/en\/\"},{\"@type\":\"ListItem\",\"position\":2,\"name\":\"Shop\",\"item\":\"https:\/\/uniiorganic.com\/pages-from-uncode\/shop\/\"},{\"@type\":\"ListItem\",\"position\":3,\"name\":\"\u00d3leo Puro Arg\u00e3o Refill\"}]},{\"@type\":\"WebSite\",\"@id\":\"https:\/\/uniiorganic.com\/en\/#website\",\"url\":\"https:\/\/uniiorganic.com\/en\/\",\"name\":\"UniiOrganic - Organic Certified Cosmetics\",\"description\":\"\",\"publisher\":{\"@id\":\"https:\/\/uniiorganic.com\/en\/#organization\"},\"potentialAction\":[{\"@type\":\"SearchAction\",\"target\":{\"@type\":\"EntryPoint\",\"urlTemplate\":\"https:\/\/uniiorganic.com\/en\/?s={search_term_string}\"},\"query-input\":\"required name=search_term_string\"}],\"inLanguage\":\"en-US\"},{\"@type\":\"Organization\",\"@id\":\"https:\/\/uniiorganic.com\/en\/#organization\",\"name\":\"Unii Organic\",\"url\":\"https:\/\/uniiorganic.com\/en\/\",\"logo\":{\"@type\":\"ImageObject\",\"inLanguage\":\"en-US\",\"@id\":\"https:\/\/uniiorganic.com\/en\/#\/schema\/logo\/image\/\",\"url\":\"https:\/\/uniiorganic.com\/wp-content\/uploads\/2021\/03\/logo-2.png\",\"contentUrl\":\"https:\/\/uniiorganic.com\/wp-content\/uploads\/2021\/03\/logo-2.png\",\"width\":611,\"height\":285,\"caption\":\"Unii Organic\"},\"image\":{\"@id\":\"https:\/\/uniiorganic.com\/en\/#\/schema\/logo\/image\/\"}}]}<\/script>\n<!-- \/ Yoast SEO plugin. -->","yoast_head_json":{"title":"\u00d3leo Puro Arg\u00e3o Refill - UniiOrganic - Organic Certified Cosmetics","description":"Regenerador de todos os tipos de pele. Pele at\u00f3pica, eczemas, pele sens\u00edvel, irritada, ros\u00e1cea. Caspa, descama\u00e7\u00e3o e secura do escalpe. Use tamb\u00e9m nas unhas, l\u00e1bios e como amaciador de cabelo. Obtidos por extra\u00e7\u00e3o a frio.","robots":{"index":"index","follow":"follow","max-snippet":"max-snippet:-1","max-image-preview":"max-image-preview:large","max-video-preview":"max-video-preview:-1"},"canonical":"https:\/\/uniiorganic.com\/en\/loja\/mama-e-bebe\/bebe\/oleo-puro-argao-refill\/","og_locale":"en_US","og_type":"article","og_title":"\u00d3leo Puro Arg\u00e3o Refill - UniiOrganic - Organic Certified Cosmetics","og_description":"Regenerador de todos os tipos de pele. Pele at\u00f3pica, eczemas, pele sens\u00edvel, irritada, ros\u00e1cea. Caspa, descama\u00e7\u00e3o e secura do escalpe. Use tamb\u00e9m nas unhas, l\u00e1bios e como amaciador de cabelo. Obtidos por extra\u00e7\u00e3o a frio.","og_url":"https:\/\/uniiorganic.com\/en\/loja\/mama-e-bebe\/bebe\/oleo-puro-argao-refill\/","og_site_name":"UniiOrganic - Organic Certified Cosmetics","article_modified_time":"2025-09-05T09:59:17+00:00","og_image":[{"width":960,"height":960,"url":"https:\/\/uniiorganic.com\/wp-content\/uploads\/2022\/02\/2-oleo-Puro-Argao-Refill-Site-060-002-039.png","type":"image\/png"}],"twitter_card":"summary_large_image","twitter_misc":{"Est. reading time":"2 minutes"},"schema":{"@context":"https:\/\/schema.org","@graph":[{"@type":"WebPage","@id":"https:\/\/uniiorganic.com\/en\/loja\/mama-e-bebe\/bebe\/oleo-puro-argao-refill\/","url":"https:\/\/uniiorganic.com\/en\/loja\/mama-e-bebe\/bebe\/oleo-puro-argao-refill\/","name":"\u00d3leo Puro Arg\u00e3o Refill - UniiOrganic - Organic Certified Cosmetics","isPartOf":{"@id":"https:\/\/uniiorganic.com\/en\/#website"},"datePublished":"2022-02-23T16:55:18+00:00","dateModified":"2025-09-05T09:59:17+00:00","description":"Regenerador de todos os tipos de pele. Pele at\u00f3pica, eczemas, pele sens\u00edvel, irritada, ros\u00e1cea. Caspa, descama\u00e7\u00e3o e secura do escalpe. Use tamb\u00e9m nas unhas, l\u00e1bios e como amaciador de cabelo. Obtidos por extra\u00e7\u00e3o a frio.","breadcrumb":{"@id":"https:\/\/uniiorganic.com\/en\/loja\/mama-e-bebe\/bebe\/oleo-puro-argao-refill\/#breadcrumb"},"inLanguage":"en-US","potentialAction":[{"@type":"ReadAction","target":["https:\/\/uniiorganic.com\/en\/loja\/mama-e-bebe\/bebe\/oleo-puro-argao-refill\/"]}]},{"@type":"BreadcrumbList","@id":"https:\/\/uniiorganic.com\/en\/loja\/mama-e-bebe\/bebe\/oleo-puro-argao-refill\/#breadcrumb","itemListElement":[{"@type":"ListItem","position":1,"name":"Home","item":"https:\/\/uniiorganic.com\/en\/"},{"@type":"ListItem","position":2,"name":"Shop","item":"https:\/\/uniiorganic.com\/pages-from-uncode\/shop\/"},{"@type":"ListItem","position":3,"name":"\u00d3leo Puro Arg\u00e3o Refill"}]},{"@type":"WebSite","@id":"https:\/\/uniiorganic.com\/en\/#website","url":"https:\/\/uniiorganic.com\/en\/","name":"UniiOrganic - Organic Certified Cosmetics","description":"","publisher":{"@id":"https:\/\/uniiorganic.com\/en\/#organization"},"potentialAction":[{"@type":"SearchAction","target":{"@type":"EntryPoint","urlTemplate":"https:\/\/uniiorganic.com\/en\/?s={search_term_string}"},"query-input":"required name=search_term_string"}],"inLanguage":"en-US"},{"@type":"Organization","@id":"https:\/\/uniiorganic.com\/en\/#organization","name":"Unii Organic","url":"https:\/\/uniiorganic.com\/en\/","logo":{"@type":"ImageObject","inLanguage":"en-US","@id":"https:\/\/uniiorganic.com\/en\/#\/schema\/logo\/image\/","url":"https:\/\/uniiorganic.com\/wp-content\/uploads\/2021\/03\/logo-2.png","contentUrl":"https:\/\/uniiorganic.com\/wp-content\/uploads\/2021\/03\/logo-2.png","width":611,"height":285,"caption":"Unii Organic"},"image":{"@id":"https:\/\/uniiorganic.com\/en\/#\/schema\/logo\/image\/"}}]}},"_links":{"self":[{"href":"https:\/\/uniiorganic.com\/en\/wp-json\/wp\/v2\/product\/91134","targetHints":{"allow":["GET"]}}],"collection":[{"href":"https:\/\/uniiorganic.com\/en\/wp-json\/wp\/v2\/product"}],"about":[{"href":"https:\/\/uniiorganic.com\/en\/wp-json\/wp\/v2\/types\/product"}],"replies":[{"embeddable":true,"href":"https:\/\/uniiorganic.com\/en\/wp-json\/wp\/v2\/comments?post=91134"}],"wp:featuredmedia":[{"embeddable":true,"href":"https:\/\/uniiorganic.com\/en\/wp-json\/wp\/v2\/media\/91861"}],"wp:attachment":[{"href":"https:\/\/uniiorganic.com\/en\/wp-json\/wp\/v2\/media?parent=91134"}],"wp:term":[{"taxonomy":"product_cat","embeddable":true,"href":"https:\/\/uniiorganic.com\/en\/wp-json\/wp\/v2\/product_cat?post=91134"},{"taxonomy":"product_tag","embeddable":true,"href":"https:\/\/uniiorganic.com\/en\/wp-json\/wp\/v2\/product_tag?post=91134"}],"curies":[{"name":"wp","href":"https:\/\/api.w.org\/{rel}","templated":true}]}}